{"id":6149,"date":"2026-03-25T14:05:01","date_gmt":"2026-03-25T14:05:01","guid":{"rendered":"https:\/\/castelsantangeloticket.com\/billets-pour-le-chateau-saint-ange\/"},"modified":"2026-03-25T11:47:11","modified_gmt":"2026-03-25T11:47:11","slug":"billets-pour-le-chateau-saint-ange","status":"publish","type":"page","link":"https:\/\/castelsantangeloticket.com\/fr\/","title":{"rendered":"Ch\u00e2teau Saint-Ange Rome , billets"},"content":{"rendered":"","protected":false},"excerpt":{"rendered":"","protected":false},"author":1,"featured_media":6192,"parent":0,"menu_order":0,"comment_status":"closed","ping_status":"closed","template":"","meta":{"footnotes":""},"class_list":["post-6149","page","type-page","status-publish","has-post-thumbnail","hentry"],"yoast_head":"<!-- This site is optimized with the Yoast SEO plugin v27.3 - https:\/\/yoast.com\/product\/yoast-seo-wordpress\/ -->\n<title>Ch\u00e2teau Saint-Ange \u00e0 Rome - Billets, visites et guide complet<\/title>\n<meta name=\"description\" content=\"D\u00e9couvrez le ch\u00e2teau Saint-Ange \u00e0 Rome. R\u00e9servez vos billets, trouvez un h\u00f4tel, un restaurant et des informations pratiques. Guide complet.\" \/>\n<meta name=\"robots\" content=\"index, follow, max-snippet:-1, max-image-preview:large, max-video-preview:-1\" \/>\n<link rel=\"canonical\" href=\"https:\/\/castelsantangeloticket.com\/fr\/\" \/>\n<meta property=\"og:locale\" content=\"fr_FR\" \/>\n<meta property=\"og:type\" content=\"article\" \/>\n<meta property=\"og:title\" content=\"Ch\u00e2teau Saint-Ange \u00e0 Rome - Billets, visites et guide complet\" \/>\n<meta property=\"og:description\" content=\"D\u00e9couvrez le ch\u00e2teau Saint-Ange \u00e0 Rome. R\u00e9servez vos billets, trouvez un h\u00f4tel, un restaurant et des informations pratiques. Guide complet.\" \/>\n<meta property=\"og:url\" content=\"https:\/\/castelsantangeloticket.com\/fr\/\" \/>\n<meta property=\"og:site_name\" content=\"Castel Sant Angelo\" \/>\n<meta property=\"og:image\" content=\"https:\/\/castelsantangeloticket.com\/wp-content\/uploads\/2026\/02\/bridge-to-castle-2026-01-08-06-35-16-utc-1-scaled.jpg\" \/>\n\t<meta property=\"og:image:width\" content=\"2560\" \/>\n\t<meta property=\"og:image:height\" content=\"1563\" \/>\n\t<meta property=\"og:image:type\" content=\"image\/jpeg\" \/>\n<meta name=\"twitter:card\" content=\"summary_large_image\" \/>\n<meta name=\"twitter:label1\" content=\"Dur\u00e9e de lecture estim\u00e9e\" \/>\n\t<meta name=\"twitter:data1\" content=\"3 minutes\" \/>\n<script type=\"application\/ld+json\" class=\"yoast-schema-graph\">{\"@context\":\"https:\\\/\\\/schema.org\",\"@graph\":[{\"@type\":\"WebPage\",\"@id\":\"https:\\\/\\\/castelsantangeloticket.com\\\/fr\\\/\",\"url\":\"https:\\\/\\\/castelsantangeloticket.com\\\/fr\\\/\",\"name\":\"Ch\u00e2teau Saint-Ange \u00e0 Rome - Billets, visites et guide complet\",\"isPartOf\":{\"@id\":\"https:\\\/\\\/castelsantangeloticket.com\\\/fr\\\/#website\"},\"primaryImageOfPage\":{\"@id\":\"https:\\\/\\\/castelsantangeloticket.com\\\/fr\\\/#primaryimage\"},\"image\":{\"@id\":\"https:\\\/\\\/castelsantangeloticket.com\\\/fr\\\/#primaryimage\"},\"thumbnailUrl\":\"https:\\\/\\\/castelsantangeloticket.com\\\/wp-content\\\/uploads\\\/2026\\\/02\\\/senior-couple-in-rome-2026-01-08-23-44-56-utc-1.jpg\",\"datePublished\":\"2026-03-25T14:05:01+00:00\",\"description\":\"D\u00e9couvrez le ch\u00e2teau Saint-Ange \u00e0 Rome. R\u00e9servez vos billets, trouvez un h\u00f4tel, un restaurant et des informations pratiques. Guide complet.\",\"breadcrumb\":{\"@id\":\"https:\\\/\\\/castelsantangeloticket.com\\\/fr\\\/#breadcrumb\"},\"inLanguage\":\"fr-FR\",\"potentialAction\":[{\"@type\":\"ReadAction\",\"target\":[\"https:\\\/\\\/castelsantangeloticket.com\\\/fr\\\/\"]}]},{\"@type\":\"ImageObject\",\"inLanguage\":\"fr-FR\",\"@id\":\"https:\\\/\\\/castelsantangeloticket.com\\\/fr\\\/#primaryimage\",\"url\":\"https:\\\/\\\/castelsantangeloticket.com\\\/wp-content\\\/uploads\\\/2026\\\/02\\\/senior-couple-in-rome-2026-01-08-23-44-56-utc-1.jpg\",\"contentUrl\":\"https:\\\/\\\/castelsantangeloticket.com\\\/wp-content\\\/uploads\\\/2026\\\/02\\\/senior-couple-in-rome-2026-01-08-23-44-56-utc-1.jpg\",\"width\":2378,\"height\":1587,\"caption\":\"senior-couple-in-rome-\"},{\"@type\":\"BreadcrumbList\",\"@id\":\"https:\\\/\\\/castelsantangeloticket.com\\\/fr\\\/#breadcrumb\",\"itemListElement\":[{\"@type\":\"ListItem\",\"position\":1,\"name\":\"Home\",\"item\":\"https:\\\/\\\/castelsantangeloticket.com\\\/fr\\\/\"},{\"@type\":\"ListItem\",\"position\":2,\"name\":\"Ch\u00e2teau Saint-Ange Rome , billets\"}]},{\"@type\":\"WebSite\",\"@id\":\"https:\\\/\\\/castelsantangeloticket.com\\\/fr\\\/#website\",\"url\":\"https:\\\/\\\/castelsantangeloticket.com\\\/fr\\\/\",\"name\":\"Castel Sant Angelo\",\"description\":\"Roma\",\"potentialAction\":[{\"@type\":\"SearchAction\",\"target\":{\"@type\":\"EntryPoint\",\"urlTemplate\":\"https:\\\/\\\/castelsantangeloticket.com\\\/fr\\\/?s={search_term_string}\"},\"query-input\":{\"@type\":\"PropertyValueSpecification\",\"valueRequired\":true,\"valueName\":\"search_term_string\"}}],\"inLanguage\":\"fr-FR\"}]}<\/script>\n<!-- \/ Yoast SEO plugin. -->","yoast_head_json":{"title":"Ch\u00e2teau Saint-Ange \u00e0 Rome - Billets, visites et guide complet","description":"D\u00e9couvrez le ch\u00e2teau Saint-Ange \u00e0 Rome. R\u00e9servez vos billets, trouvez un h\u00f4tel, un restaurant et des informations pratiques. Guide complet.","robots":{"index":"index","follow":"follow","max-snippet":"max-snippet:-1","max-image-preview":"max-image-preview:large","max-video-preview":"max-video-preview:-1"},"canonical":"https:\/\/castelsantangeloticket.com\/fr\/","og_locale":"fr_FR","og_type":"article","og_title":"Ch\u00e2teau Saint-Ange \u00e0 Rome - Billets, visites et guide complet","og_description":"D\u00e9couvrez le ch\u00e2teau Saint-Ange \u00e0 Rome. R\u00e9servez vos billets, trouvez un h\u00f4tel, un restaurant et des informations pratiques. Guide complet.","og_url":"https:\/\/castelsantangeloticket.com\/fr\/","og_site_name":"Castel Sant Angelo","og_image":[{"width":2560,"height":1563,"url":"https:\/\/castelsantangeloticket.com\/wp-content\/uploads\/2026\/02\/bridge-to-castle-2026-01-08-06-35-16-utc-1-scaled.jpg","type":"image\/jpeg"}],"twitter_card":"summary_large_image","twitter_misc":{"Dur\u00e9e de lecture estim\u00e9e":"3 minutes"},"schema":{"@context":"https:\/\/schema.org","@graph":[{"@type":"WebPage","@id":"https:\/\/castelsantangeloticket.com\/fr\/","url":"https:\/\/castelsantangeloticket.com\/fr\/","name":"Ch\u00e2teau Saint-Ange \u00e0 Rome - Billets, visites et guide complet","isPartOf":{"@id":"https:\/\/castelsantangeloticket.com\/fr\/#website"},"primaryImageOfPage":{"@id":"https:\/\/castelsantangeloticket.com\/fr\/#primaryimage"},"image":{"@id":"https:\/\/castelsantangeloticket.com\/fr\/#primaryimage"},"thumbnailUrl":"https:\/\/castelsantangeloticket.com\/wp-content\/uploads\/2026\/02\/senior-couple-in-rome-2026-01-08-23-44-56-utc-1.jpg","datePublished":"2026-03-25T14:05:01+00:00","description":"D\u00e9couvrez le ch\u00e2teau Saint-Ange \u00e0 Rome. R\u00e9servez vos billets, trouvez un h\u00f4tel, un restaurant et des informations pratiques. Guide complet.","breadcrumb":{"@id":"https:\/\/castelsantangeloticket.com\/fr\/#breadcrumb"},"inLanguage":"fr-FR","potentialAction":[{"@type":"ReadAction","target":["https:\/\/castelsantangeloticket.com\/fr\/"]}]},{"@type":"ImageObject","inLanguage":"fr-FR","@id":"https:\/\/castelsantangeloticket.com\/fr\/#primaryimage","url":"https:\/\/castelsantangeloticket.com\/wp-content\/uploads\/2026\/02\/senior-couple-in-rome-2026-01-08-23-44-56-utc-1.jpg","contentUrl":"https:\/\/castelsantangeloticket.com\/wp-content\/uploads\/2026\/02\/senior-couple-in-rome-2026-01-08-23-44-56-utc-1.jpg","width":2378,"height":1587,"caption":"senior-couple-in-rome-"},{"@type":"BreadcrumbList","@id":"https:\/\/castelsantangeloticket.com\/fr\/#breadcrumb","itemListElement":[{"@type":"ListItem","position":1,"name":"Home","item":"https:\/\/castelsantangeloticket.com\/fr\/"},{"@type":"ListItem","position":2,"name":"Ch\u00e2teau Saint-Ange Rome , billets"}]},{"@type":"WebSite","@id":"https:\/\/castelsantangeloticket.com\/fr\/#website","url":"https:\/\/castelsantangeloticket.com\/fr\/","name":"Castel Sant Angelo","description":"Roma","potentialAction":[{"@type":"SearchAction","target":{"@type":"EntryPoint","urlTemplate":"https:\/\/castelsantangeloticket.com\/fr\/?s={search_term_string}"},"query-input":{"@type":"PropertyValueSpecification","valueRequired":true,"valueName":"search_term_string"}}],"inLanguage":"fr-FR"}]}},"_links":{"self":[{"href":"https:\/\/castelsantangeloticket.com\/fr\/wp-json\/wp\/v2\/pages\/6149","targetHints":{"allow":["GET"]}}],"collection":[{"href":"https:\/\/castelsantangeloticket.com\/fr\/wp-json\/wp\/v2\/pages"}],"about":[{"href":"https:\/\/castelsantangeloticket.com\/fr\/wp-json\/wp\/v2\/types\/page"}],"author":[{"embeddable":true,"href":"https:\/\/castelsantangeloticket.com\/fr\/wp-json\/wp\/v2\/users\/1"}],"replies":[{"embeddable":true,"href":"https:\/\/castelsantangeloticket.com\/fr\/wp-json\/wp\/v2\/comments?post=6149"}],"version-history":[{"count":3,"href":"https:\/\/castelsantangeloticket.com\/fr\/wp-json\/wp\/v2\/pages\/6149\/revisions"}],"predecessor-version":[{"id":6205,"href":"https:\/\/castelsantangeloticket.com\/fr\/wp-json\/wp\/v2\/pages\/6149\/revisions\/6205"}],"wp:featuredmedia":[{"embeddable":true,"href":"https:\/\/castelsantangeloticket.com\/fr\/wp-json\/wp\/v2\/media\/6192"}],"wp:attachment":[{"href":"https:\/\/castelsantangeloticket.com\/fr\/wp-json\/wp\/v2\/media?parent=6149"}],"curies":[{"name":"wp","href":"https:\/\/api.w.org\/{rel}","templated":true}]}}